{"id":9917,"date":"2019-06-19T14:50:48","date_gmt":"2019-06-19T14:50:48","guid":{"rendered":"https:\/\/visible-sur-internet.com\/dla\/?page_id=9917"},"modified":"2023-12-24T13:07:04","modified_gmt":"2023-12-24T13:07:04","slug":"legal-notice","status":"publish","type":"page","link":"https:\/\/labecki-avocat.com\/en\/legal-notice\/","title":{"rendered":"Legal Notice"},"content":{"rendered":"<div class=\"row \"><div class=\"wpv-grid grid-1-1 add-border wpv-first-level first unextended\" style=\"padding-top:20px;padding-bottom:15px\" id=\"wpv-column-a642a56fa7289d35e0c59c64df2b2867\" ><div class=\"row \"><div class=\"wpv-grid grid-1-1  first unextended\" style=\"padding-top:0px;padding-bottom:0px\" id=\"wpv-column-a20b93a0529d5fe2d2ab0ada5e8b7dce\" ><p>Le pr\u00e9sent site web, accessible \u00e0 partir de l\u2019adresse http:\/\/www.labecki-avocat.com (ci apr\u00e8s le \u201cSite Web\u201d) est \u00e9dit\u00e9 par :<br \/>\nMaitre Daisy Labecki 22 avenue du G\u00e9n\u00e9ral Leclerc<br \/>\n83120 SAINTE MAXIME<br \/>\nT\u00e9l\u00e9phone fixe : +33 (0)4 94 44 78 06<br \/>\nPortable : +33 (0)7 77 80 93 35<br \/>\nSIREN n\u00b0 835 065 384<br \/>\nLe directeur de la publication est DAISY LABECKI<br \/>\nLe Site Web est h\u00e9berg\u00e9 par : OVH, SAS au capital de 500 k\u20ac, 140 Quai du Sartel &#8211;\u00a0 59100 Roubaix France, t\u00e9l\u00e9phone : +33 (0)3 20 45 36 80<br \/>\nConception et D\u00e9veloppement : TWENTY TWO SAS<\/p>\n<p><strong>CONFIDENTIALITE DES DONN\u00c9ES :<\/strong><\/p>\n<p>Maitre Daisy Labecki ne collecte que les donn\u00e9es strictement n\u00e9cessaires \u00e0 la mise en \u0153uvre des Services.<br \/>\nLes donn\u00e9es personnelles collect\u00e9es sur le Site sont principalement trait\u00e9es pour les finalit\u00e9s suivantes :<br \/>\n&#8211; Traitement de vos demandes via le Site et formulaire de contact.<br \/>\n&#8211; Am\u00e9lioration du contenu et de la navigabilit\u00e9 du Site.<\/p>\n<p><strong>PROTECTION DES DONN\u00c9ES<\/strong><\/p>\n<p>Conform\u00e9ment aux articles 15 \u00e0 22 du R\u00e8glement G\u00e9n\u00e9ral sur la Protection des Donn\u00e9es du 27 avril 2016, relatif \u00e0 la protection des personnes physiques \u00e0 l\u2019\u00e9gard du traitement des donn\u00e9es \u00e0 caract\u00e8re personnel et \u00e0 la libre circulation de ces donn\u00e9es (2016\/679) (\u00ab RGPD \u00bb), toute personne physique concern\u00e9e justifiant de son identit\u00e9, b\u00e9n\u00e9ficie d\u2019un droit d\u2019acc\u00e8s, de rectification, d\u2019effacement, d\u2019opposition, \u00e0 la portabilit\u00e9 des donn\u00e9es personnelles la concernant et \u00e0 la limitation des traitements ainsi qu\u2019au sort de ces m\u00eames donn\u00e9es apr\u00e8s la mort. Ces droits peuvent \u00eatre exerc\u00e9s en s\u2019adressant \u00e0 Maitre Daisy Labecki, 22 avenue du G\u00e9n\u00e9ral Leclerc 83120 SAINTE MAXIME, ou contact@labeckiavocat.com.<\/p>\n<p>Toute personne, dont les donn\u00e9es personnelles ont \u00e9t\u00e9 collect\u00e9es par Maitre Daisy Labecki, dispose de la facult\u00e9 de saisir la Commission nationale de l\u2019Informatique et des Libert\u00e9s (dont les coordonn\u00e9es figurent \u00e0 l\u2019adresse https:\/\/www.cnil.fr\/fr\/vous-souhaitezcontacter-la-cnil).<\/div><\/div><\/div><\/div>\n<div class=\"push\" style='height:50px'><\/div>\n","protected":false},"excerpt":{"rendered":"<p>Le pr\u00e9sent site web, accessible \u00e0 partir de l\u2019adresse http:\/\/www.labecki-avocat.com (ci apr\u00e8s le \u201cSite Web\u201d) est \u00e9dit\u00e9 par : Maitre Daisy Labecki 22 avenue du G\u00e9n\u00e9ral Leclerc 83120 SAINTE MAXIME T\u00e9l\u00e9phone fixe : +33 (0)4 94 44 78 06 Portable : +33 (0)7 77 80 93 35 SIREN n\u00b0 835 065 384 Le directeur de&#8230;<\/p>\n","protected":false},"author":1,"featured_media":0,"parent":0,"menu_order":0,"comment_status":"closed","ping_status":"closed","template":"","meta":[],"_links":{"self":[{"href":"https:\/\/labecki-avocat.com\/en\/wp-json\/wp\/v2\/pages\/9917"}],"collection":[{"href":"https:\/\/labecki-avocat.com\/en\/wp-json\/wp\/v2\/pages"}],"about":[{"href":"https:\/\/labecki-avocat.com\/en\/wp-json\/wp\/v2\/types\/page"}],"author":[{"embeddable":true,"href":"https:\/\/labecki-avocat.com\/en\/wp-json\/wp\/v2\/users\/1"}],"replies":[{"embeddable":true,"href":"https:\/\/labecki-avocat.com\/en\/wp-json\/wp\/v2\/comments?post=9917"}],"version-history":[{"count":9,"href":"https:\/\/labecki-avocat.com\/en\/wp-json\/wp\/v2\/pages\/9917\/revisions"}],"predecessor-version":[{"id":10032,"href":"https:\/\/labecki-avocat.com\/en\/wp-json\/wp\/v2\/pages\/9917\/revisions\/10032"}],"wp:attachment":[{"href":"https:\/\/labecki-avocat.com\/en\/wp-json\/wp\/v2\/media?parent=9917"}],"curies":[{"name":"wp","href":"https:\/\/api.w.org\/{rel}","templated":true}]}}