{"id":19,"date":"2013-03-15T12:36:27","date_gmt":"2013-03-15T12:36:27","guid":{"rendered":"http:\/\/lawyers-attorneys.vamtam.com\/?page_id=4"},"modified":"2022-05-17T22:47:49","modified_gmt":"2022-05-17T22:47:49","slug":"home","status":"publish","type":"page","link":"https:\/\/labecki-avocat.com\/en\/","title":{"rendered":"Home"},"content":{"rendered":"<div class=\"row \"><div class=\"wpv-grid grid-1-1 move-into-slider add-border wpv-first-level first has-background unextended\" style=\"background-color:#ffffff;padding-top:20px;padding-bottom:20px\" id=\"intro\" ><style>#intro p,#intro em,#intro .column-title,#intro .sep-text h2.regular-title-wrapper,#intro .text-divider-double,#intro .sep-text .sep-text-line,#intro .sep,#intro .sep-2,#intro .sep-3,#intro td,#intro th,#intro caption{color:#808080;}#intro:before{background-color:transparent;}<\/style><div class=\"row \"><div class=\"wpv-grid grid-1-4  first unextended animation-from-bottom animated-active\" style=\"padding-top:0px;padding-bottom:0px\" id=\"wpv-column-01f1a38d799ebbb1256bc16dd9398e3f\" ><div class=\"row \"><div class=\"wpv-grid grid-1-1  first unextended\" style=\"padding-top:0px;padding-bottom:0px\" id=\"wpv-column-c24f420c04b4a301900c5483fd70bb51\" ><h4 style=\"text-align: center;\"><span class=\"\">Proximity lawyer<\/span><\/h4><\/div><\/div>\n<div class=\"row \"><div class=\"wpv-grid grid-1-1  first unextended\" style=\"padding-top:0px;padding-bottom:0px\" id=\"wpv-column-206c7c4a827036791e7320a3035f62cb\" ><h4 style=\"text-align: center;\"><span class=\"accent-1\">by your side<\/span><\/h4><\/div><\/div><\/div>\n<div class=\"wpv-grid grid-1-4  unextended left-border animation-from-bottom animated-active\" style=\"padding-top:0px;padding-bottom:0px\" id=\"wpv-column-c429437a1cd76da9787d30a5799a9696\" ><style>#wpv-column-c429437a1cd76da9787d30a5799a9696:before{background-color:#d8d8d8;}<\/style><div class=\"row \"><div class=\"wpv-grid grid-1-1  first unextended\" style=\"padding-top:0px;padding-bottom:0px\" id=\"wpv-column-b92cd494019fa1a6108b4e66e4188740\" ><h4 style=\"text-align: center;\"><span class=\"\">Easy contact<\/span><\/h4><\/div><\/div>\n<div class=\"row \"><div class=\"wpv-grid grid-1-1  first unextended\" style=\"padding-top:0px;padding-bottom:0px\" id=\"wpv-column-af0d164628e36e4546d282ab0556a816\" ><h4 style=\"text-align: center;\"><span class=\"accent-1\">and privileged<\/span><\/h4><\/div><\/div><\/div>\n<div class=\"wpv-grid grid-1-4  unextended left-border animation-from-bottom animated-active\" style=\"padding-top:0px;padding-bottom:0px\" id=\"wpv-column-c8656c1895bfaa956706d8eeb72b212c\" ><style>#wpv-column-c8656c1895bfaa956706d8eeb72b212c:before{background-color:#d8d8d8;}<\/style><div class=\"row \"><div class=\"wpv-grid grid-1-1  first unextended\" style=\"padding-top:0px;padding-bottom:0px\" id=\"wpv-column-f3b3d50d13c28c346599b832c862f273\" ><h4 style=\"text-align: center;\"><span class=\"\">Partner of<\/span><\/h4><\/div><\/div>\n<div class=\"row \"><div class=\"wpv-grid grid-1-1  first unextended\" style=\"padding-top:0px;padding-bottom:0px\" id=\"wpv-column-2a493d660f88af7a53d24ed90f1f69ae\" ><h4 style=\"text-align: center;\"><span class=\"accent-1\">Trust<\/span><\/h4><\/div><\/div><\/div>\n<div class=\"wpv-grid grid-1-4  unextended left-border animation-from-bottom animated-active\" style=\"padding-top:0px;padding-bottom:0px\" id=\"wpv-column-20e62b5a767547516b2138bcf246de5f\" ><style>#wpv-column-20e62b5a767547516b2138bcf246de5f:before{background-color:#d8d8d8;}<\/style><div class=\"row \"><div class=\"wpv-grid grid-1-1  first unextended\" style=\"padding-top:0px;padding-bottom:0px\" id=\"wpv-column-c97e8c57591e42b8a9debc9842134360\" ><h4 style=\"text-align: center;\"><span class=\"\">accompaniment<\/span><\/h4><\/div><\/div>\n<div class=\"row \"><div class=\"wpv-grid grid-1-1  first unextended\" style=\"padding-top:0px;padding-bottom:0px\" id=\"wpv-column-fff475145f5a2a96db3f0303680ecea0\" ><h4 style=\"text-align: center;\"><span class=\"accent-1\">Tailored<\/span><\/h4><\/div><\/div><\/div><\/div><\/div><\/div>\n<div class=\"row \"><div class=\"wpv-grid grid-1-1  wpv-first-level first unextended animation-fade-in animated-active\" style=\"padding-top:0px;padding-bottom:0px\" id=\"wpv-column-8cdcb4493096892734c9b18c4e7b7f18\" >\t\t<h2 class=\"text-divider-double\">\t\t\t\nAreas\t\t<\/h2>\t\t<div class=\"sep\"><\/div>\t<\/div><\/div>\n<div class=\"push\" style='height:10px'><\/div>\n<div class=\"row \"><div class=\"wpv-grid grid-1-3  wpv-first-level first unextended animation-from-bottom animated-active\" style=\"padding-top:0px;padding-bottom:0px\" id=\"wpv-column-e9e53a3efea97bafefc47e2843172a6d\" ><div class=\"row \"><div class=\"wpv-grid grid-1-1  first unextended\" style=\"padding-top:0px;padding-bottom:0px\" id=\"wpv-column-365db7bfdc4c963e302a18d12d2c471e\" ><div class=\"services clearfix fullimage no-image has-icon no-button \" style=\"text-align:left;\">\r\n\t<div class=\"services-inside\">\r\n\t\t\t\t\t\t\t\t\t<div class=\"thumbnail\">\r\n\t\t\t\t\t\t\t\t\t\t\t\t\t\t\t\t\t\t<span class='icon shortcode   use-hover' style='font-size:62px !important;color:#C29738;'>&#57503;<\/span>\t\t\t\t\t\t\t\t\t\t\t\t\t\t\t<\/div>\r\n\t\t\t\t\t\t\t\t\t<div class=\"sep-2\"><\/div>\r\n\t\t\t\t\t\t\t\t\t\t\t\t\t\t<h4 class=\"services-title\">\r\n\t\t\t\t\t\t\t\t\tFamily law\t\t\t\t\t\t\t<\/h4>\r\n\t\t\t\t\t\t\t<div class=\"services-content\">\n<ul>\n<li class=\"p1\">Divorce: by mutual consent or contentious, termination of marital arrangement\u2026<\/li>\n<li class=\"p1\">Childcare: parental authority, child support, financial care, grandparents\u2019 right to visit, \u2026<\/li>\n<li class=\"p1\">Inheritance<\/li>\n<li class=\"p1\">Adoption<\/li>\n<\/ul>\n<p class=\"p1\"><\/div>\r\n\t\t\t\t\t<\/div>\r\n<\/div>\r\n<\/div><\/div><\/div>\n<div class=\"wpv-grid grid-1-3  wpv-first-level unextended animation-from-bottom animated-active\" style=\"padding-top:0px;padding-bottom:0px\" id=\"wpv-column-95ea91238bbda65f6858913535236e26\" ><div class=\"row \"><div class=\"wpv-grid grid-1-1  first unextended\" style=\"padding-top:0px;padding-bottom:0px\" id=\"wpv-column-9a5013b5adb7af4cd3a9f4e5dd554622\" ><div class=\"services clearfix fullimage no-image has-icon no-button \" style=\"text-align:left;\">\r\n\t<div class=\"services-inside\">\r\n\t\t\t\t\t\t\t\t\t<div class=\"thumbnail\">\r\n\t\t\t\t\t\t\t\t\t\t\t\t\t\t\t\t\t\t<span class='icon shortcode   use-hover' style='font-size:62px !important;color:#C29738;'>&#57773;<\/span>\t\t\t\t\t\t\t\t\t\t\t\t\t\t\t<\/div>\r\n\t\t\t\t\t\t\t\t\t<div class=\"sep-2\"><\/div>\r\n\t\t\t\t\t\t\t\t\t\t\t\t\t\t<h4 class=\"services-title\">\r\n\t\t\t\t\t\t\t\t\tCivil law\t\t\t\t\t\t\t<\/h4>\r\n\t\t\t\t\t\t\t<div class=\"services-content\">\n<ul>\n<li>Contractual liability, tort law<\/li>\n<li>Neighbour litigation<\/li>\n<li>Recovering debts<\/li>\n<li>Lease agreement<\/li>\n<li>Consumer law<\/li>\n<li>Construction law<\/li>\n<li>drafting of contracts<\/li>\n<\/ul>\n<\/div>\r\n\t\t\t\t\t<\/div>\r\n<\/div>\r\n<\/div><\/div><\/div>\n<div class=\"wpv-grid grid-1-3  wpv-first-level unextended animation-from-bottom animated-active\" style=\"padding-top:0px;padding-bottom:0px\" id=\"wpv-column-8f52d1a7ca8b821c6b42ce298a3c1f4e\" ><div class=\"row \"><div class=\"wpv-grid grid-1-1  first unextended\" style=\"padding-top:0px;padding-bottom:0px\" id=\"wpv-column-65260fe927b62a2fa0dccbb17a1957e5\" ><div class=\"services clearfix fullimage no-image has-icon no-button \" style=\"text-align:left;\">\r\n\t<div class=\"services-inside\">\r\n\t\t\t\t\t\t\t\t\t<div class=\"thumbnail\">\r\n\t\t\t\t\t\t\t\t\t\t\t\t\t\t\t\t\t\t<span class='icon shortcode   use-hover' style='font-size:62px !important;color:#C29738;'>&#57774;<\/span>\t\t\t\t\t\t\t\t\t\t\t\t\t\t\t<\/div>\r\n\t\t\t\t\t\t\t\t\t<div class=\"sep-2\"><\/div>\r\n\t\t\t\t\t\t\t\t\t\t\t\t\t\t<h4 class=\"services-title\">\r\n\t\t\t\t\t\t\t\t\tPhysical harm compensation\t\t\t\t\t\t\t<\/h4>\r\n\t\t\t\t\t\t\t<div class=\"services-content\">\n<ul>\n<li>Traffic accident<\/li>\n<li>Medical mistake, nosocomial infection<\/li>\n<li>Medical liability litigation<\/li>\n<li>Harm due to: aggression, rape, harassment, domestic violence\u2026<\/li>\n<\/ul>\n<\/div>\r\n\t\t\t\t\t<\/div>\r\n<\/div>\r\n<\/div><\/div><\/div><\/div>\n<div class=\"push\" style='height:10px'><\/div>\n<div class=\"push\" style='margin-bottom:-10px'><\/div>\n<div class=\"row \"><div class=\"wpv-grid grid-1-1  wpv-first-level parallax-bg first extended\" style=\"padding-top:0px;padding-bottom:50px\" id=\"REQUEST-CONSULTATION\"  data-parallax-method=\"to-centre\" data-parallax-inertia=\"-0.2\"><div class=\"extended-column-inner\"><div class=\"row \"><div class=\"wpv-grid grid-1-1  first unextended\" style=\"padding-top:0px;padding-bottom:0px\" id=\"wpv-column-9d1e46409a41bb7734a221a960bd525d\" >\t\t<h2 class=\"text-divider-double\">\t\t\tArticles\t\t<\/h2>\t\t<div class=\"sep\"><\/div>\t<div class=\"loop-wrapper clearfix news row small not-paginated\" data-columns=\"3\"  >\n\t\t<div class=\"page-content post-header grid-1-3 clearboth list-item post-10008 post type-post status-publish format-standard has-post-thumbnail hentry category-uncategorized\" >\n\t\t\t<div>\n\t\t\t\t<div class=\"post-article has-image-wrapper \">\n\t<div class=\"standard-post-format clearfix as-image \">\n\t\t\t<div class=\"thumbnail\">\n\t\t\t\t\t<a href=\"https:\/\/labecki-avocat.com\/en\/2021\/02\/16\/assurances-de-prets-bancaires-nullite-des-contrats-en-cas-de-fausse-declaration\/\" title=\"ASSURANCES DE PR\u00caTS BANCAIRES : NULLIT\u00c9 DES CONTRATS EN CAS DE FAUSSE D\u00c9CLARATION.\">\n\t\t\t\t<img width=\"360\" height=\"276\" src=\"https:\/\/labecki-avocat.com\/en\/wp-content\/uploads\/2022\/05\/assurance-banque-360x276.jpg\" class=\"attachment-post-small-3 size-post-small-3 wp-post-image\" alt=\"\" decoding=\"async\" loading=\"lazy\" srcset=\"https:\/\/labecki-avocat.com\/en\/wp-content\/uploads\/2022\/05\/assurance-banque-360x276.jpg 360w, https:\/\/labecki-avocat.com\/en\/wp-content\/uploads\/2022\/05\/assurance-banque-480x369.jpg 480w, https:\/\/labecki-avocat.com\/en\/wp-content\/uploads\/2022\/05\/assurance-banque-555x426.jpg 555w, https:\/\/labecki-avocat.com\/en\/wp-content\/uploads\/2022\/05\/assurance-banque-262x201.jpg 262w\" sizes=\"(min-width: 900px) 50vw, 100vw\" \/>\t\t\t\t<span class='icon shortcode theme  use-hover' style=''>&#58897;<\/span>\t\t\t<\/a>\n\t\t\t<\/div>\n\n\t<div class=\"post-content-wrapper\">\n\t\t<div class=\"post-actions-wrapper clearfix\">\n\t\t\t<div class=\"post-date date updated\">\n\t\t\t\tf\u00e9vrier 16, 2021\t\t\t<\/div>\n\t\t\t\t\t\t\t\n\t\t\t\t\t\t\t\t\t<\/div>\n\n\t\t\t\t<header class=\"single\">\n\t\t\t<div class=\"content\">\n\t\t\t\t<h3>\n\t\t\t\t\t<a href=\"https:\/\/labecki-avocat.com\/en\/2021\/02\/16\/assurances-de-prets-bancaires-nullite-des-contrats-en-cas-de-fausse-declaration\/\" title=\"ASSURANCES DE PR\u00caTS BANCAIRES : NULLIT\u00c9 DES CONTRATS EN CAS DE FAUSSE D\u00c9CLARATION.\" class=\"entry-title\">ASSURANCES DE PR\u00caTS BANCAIRES : NULLIT\u00c9 DES CONTRATS EN CAS DE FAUSSE D\u00c9CLARATION.<\/a>\n\t\t\t\t<\/h3>\n\t\t\t<\/div>\n\t\t<\/header>\n\t\n\t\t<div class=\"post-content-outer\">\n\t\t\t<p>Dans un arr\u00eat rendu r\u00e9cemment par la Cour d\u2019appel de Reims, les conseillers ont d\u00fb&#8230;<\/p>\n\t\t<\/div>\n\n\t\t\t<\/div>\n\t<\/div>\n<\/div>\n\t\t\t<\/div>\n\t\t<\/div>\n\t\t<div class=\"page-content post-header grid-1-3 list-item post-10006 post type-post status-publish format-standard has-post-thumbnail hentry category-uncategorized\" >\n\t\t\t<div>\n\t\t\t\t<div class=\"post-article has-image-wrapper \">\n\t<div class=\"standard-post-format clearfix as-image \">\n\t\t\t<div class=\"thumbnail\">\n\t\t\t\t\t<a href=\"https:\/\/labecki-avocat.com\/en\/2020\/11\/19\/concubinage-pas-de-remboursement-en-cas-de-financement-du-bien-de-son-ancienne-compagne\/\" title=\"CONCUBINAGE : PAS DE REMBOURSEMENT EN CAS DE FINANCEMENT DU BIEN DE SON ANCIENNE COMPAGNE.\">\n\t\t\t\t<img width=\"360\" height=\"276\" src=\"https:\/\/labecki-avocat.com\/en\/wp-content\/uploads\/2022\/05\/concubinage-360x276.jpg\" class=\"attachment-post-small-3 size-post-small-3 wp-post-image\" alt=\"\" decoding=\"async\" loading=\"lazy\" srcset=\"https:\/\/labecki-avocat.com\/en\/wp-content\/uploads\/2022\/05\/concubinage-360x276.jpg 360w, https:\/\/labecki-avocat.com\/en\/wp-content\/uploads\/2022\/05\/concubinage-480x369.jpg 480w, https:\/\/labecki-avocat.com\/en\/wp-content\/uploads\/2022\/05\/concubinage-555x426.jpg 555w, https:\/\/labecki-avocat.com\/en\/wp-content\/uploads\/2022\/05\/concubinage-262x201.jpg 262w\" sizes=\"(min-width: 900px) 50vw, 100vw\" \/>\t\t\t\t<span class='icon shortcode theme  use-hover' style=''>&#58897;<\/span>\t\t\t<\/a>\n\t\t\t<\/div>\n\n\t<div class=\"post-content-wrapper\">\n\t\t<div class=\"post-actions-wrapper clearfix\">\n\t\t\t<div class=\"post-date date updated\">\n\t\t\t\tnovembre 19, 2020\t\t\t<\/div>\n\t\t\t\t\t\t\t\n\t\t\t\t\t\t\t\t\t<\/div>\n\n\t\t\t\t<header class=\"single\">\n\t\t\t<div class=\"content\">\n\t\t\t\t<h3>\n\t\t\t\t\t<a href=\"https:\/\/labecki-avocat.com\/en\/2020\/11\/19\/concubinage-pas-de-remboursement-en-cas-de-financement-du-bien-de-son-ancienne-compagne\/\" title=\"CONCUBINAGE : PAS DE REMBOURSEMENT EN CAS DE FINANCEMENT DU BIEN DE SON ANCIENNE COMPAGNE.\" class=\"entry-title\">CONCUBINAGE : PAS DE REMBOURSEMENT EN CAS DE FINANCEMENT DU BIEN DE SON ANCIENNE COMPAGNE.<\/a>\n\t\t\t\t<\/h3>\n\t\t\t<\/div>\n\t\t<\/header>\n\t\n\t\t<div class=\"post-content-outer\">\n\t\t\t<p>La Cour d\u2019appel a pu d\u00e9duire que M.S avait particip\u00e9 au financement des travaux de&#8230;<\/p>\n\t\t<\/div>\n\n\t\t\t<\/div>\n\t<\/div>\n<\/div>\n\t\t\t<\/div>\n\t\t<\/div>\n\t\t<div class=\"page-content post-header grid-1-3 list-item post-10001 post type-post status-publish format-standard has-post-thumbnail hentry category-uncategorized\" >\n\t\t\t<div>\n\t\t\t\t<div class=\"post-article has-image-wrapper \">\n\t<div class=\"standard-post-format clearfix as-image \">\n\t\t\t<div class=\"thumbnail\">\n\t\t\t\t\t<a href=\"https:\/\/labecki-avocat.com\/en\/2020\/01\/29\/accro-a-la-chirurgie-esthetique-vos-droits-demeurent-preserves\/\" title=\"ACCRO \u00c0 LA CHIRURGIE ESTH\u00c9TIQUE ? VOS DROITS DEMEURENT PR\u00c9SERV\u00c9S.\">\n\t\t\t\t<img width=\"360\" height=\"276\" src=\"https:\/\/labecki-avocat.com\/en\/wp-content\/uploads\/2022\/05\/chirurgie-360x276.jpg\" class=\"attachment-post-small-3 size-post-small-3 wp-post-image\" alt=\"\" decoding=\"async\" loading=\"lazy\" srcset=\"https:\/\/labecki-avocat.com\/en\/wp-content\/uploads\/2022\/05\/chirurgie-360x276.jpg 360w, https:\/\/labecki-avocat.com\/en\/wp-content\/uploads\/2022\/05\/chirurgie-480x369.jpg 480w, https:\/\/labecki-avocat.com\/en\/wp-content\/uploads\/2022\/05\/chirurgie-555x426.jpg 555w, https:\/\/labecki-avocat.com\/en\/wp-content\/uploads\/2022\/05\/chirurgie-262x201.jpg 262w\" sizes=\"(min-width: 900px) 50vw, 100vw\" \/>\t\t\t\t<span class='icon shortcode theme  use-hover' style=''>&#58897;<\/span>\t\t\t<\/a>\n\t\t\t<\/div>\n\n\t<div class=\"post-content-wrapper\">\n\t\t<div class=\"post-actions-wrapper clearfix\">\n\t\t\t<div class=\"post-date date updated\">\n\t\t\t\tjanvier 29, 2020\t\t\t<\/div>\n\t\t\t\t\t\t\t\n\t\t\t\t\t\t\t\t\t<\/div>\n\n\t\t\t\t<header class=\"single\">\n\t\t\t<div class=\"content\">\n\t\t\t\t<h3>\n\t\t\t\t\t<a href=\"https:\/\/labecki-avocat.com\/en\/2020\/01\/29\/accro-a-la-chirurgie-esthetique-vos-droits-demeurent-preserves\/\" title=\"ACCRO \u00c0 LA CHIRURGIE ESTH\u00c9TIQUE ? VOS DROITS DEMEURENT PR\u00c9SERV\u00c9S.\" class=\"entry-title\">ACCRO \u00c0 LA CHIRURGIE ESTH\u00c9TIQUE ? VOS DROITS DEMEURENT PR\u00c9SERV\u00c9S.<\/a>\n\t\t\t\t<\/h3>\n\t\t\t<\/div>\n\t\t<\/header>\n\t\n\t\t<div class=\"post-content-outer\">\n\t\t\t<p>L\u2019apparence dictant le devenir professionnel et social de chacun d\u2019entre nous, les chirurgiens esth\u00e9tiques s\u2019emparent&#8230;<\/p>\n\t\t<\/div>\n\n\t\t\t<\/div>\n\t<\/div>\n<\/div>\n\t\t\t<\/div>\n\t\t<\/div>\n<\/div>\n\n<\/div><\/div><\/div><\/div><\/div>\n","protected":false},"excerpt":{"rendered":"<p>L\u2019apparence dictant le devenir professionnel et social de chacun d\u2019entre nous, les chirurgiens esth\u00e9tiques s\u2019emparent de ces nouveaux besoins en proposant davantage d\u2019op\u00e9rations. Mais, peuvent-ils s\u2019exon\u00e9rer de leur responsabilit\u00e9 au titre de leur obligation d\u2019information en invoquant un patient ayant eu recours \u00e0 de multiples reprises \u00e0 des op\u00e9rations de chirurgie esth\u00e9tique\u00a0? La r\u00e9ponse est&#8230;<\/p>\n","protected":false},"author":1,"featured_media":0,"parent":0,"menu_order":0,"comment_status":"closed","ping_status":"closed","template":"","meta":[],"_links":{"self":[{"href":"https:\/\/labecki-avocat.com\/en\/wp-json\/wp\/v2\/pages\/19"}],"collection":[{"href":"https:\/\/labecki-avocat.com\/en\/wp-json\/wp\/v2\/pages"}],"about":[{"href":"https:\/\/labecki-avocat.com\/en\/wp-json\/wp\/v2\/types\/page"}],"author":[{"embeddable":true,"href":"https:\/\/labecki-avocat.com\/en\/wp-json\/wp\/v2\/users\/1"}],"replies":[{"embeddable":true,"href":"https:\/\/labecki-avocat.com\/en\/wp-json\/wp\/v2\/comments?post=19"}],"version-history":[{"count":53,"href":"https:\/\/labecki-avocat.com\/en\/wp-json\/wp\/v2\/pages\/19\/revisions"}],"predecessor-version":[{"id":9680,"href":"https:\/\/labecki-avocat.com\/en\/wp-json\/wp\/v2\/pages\/19\/revisions\/9680"}],"wp:attachment":[{"href":"https:\/\/labecki-avocat.com\/en\/wp-json\/wp\/v2\/media?parent=19"}],"curies":[{"name":"wp","href":"https:\/\/api.w.org\/{rel}","templated":true}]}}